
{"id":259,"date":"2026-04-10T17:02:06","date_gmt":"2026-04-10T15:02:06","guid":{"rendered":"https:\/\/www.bestescortmallorca.com\/de?page_id=259"},"modified":"2026-04-15T03:56:31","modified_gmt":"2026-04-15T01:56:31","slug":"escort-mallorca","status":"publish","type":"page","link":"https:\/\/www.bestescortmallorca.com\/de\/","title":{"rendered":"Escort Mallorca Begleitservice Palma"},"content":{"rendered":"\n<a title=\"See allen escorts Mallorca\" href=\"https:\/\/www.bestescortmallorca.com\/de\/unsere-escorts\/\"><img decoding=\"async\" class=\"aligncenter wp-image-789\" title=\"Allen escorts in Mallorca\" src=\"https:\/\/media-b440.kxcdn.com\/wp-content\/uploads\/escorts-mallorca-kennenlernen.jpg\" alt=\"Allen escort Mallorca in Begleitservice\" width=\"647\" height=\"206\" \/><\/a>\n<p>Gef\u00e4llt dir ein escort Palma <strong>Begleitservice Mallorca<\/strong> M\u00e4dchen? Solltest du mehr Information ben\u00f6tigen ruf uns unverbindlich an, oder melde dich per WhatsApp<\/p>\n<p>Zeitplan: Unsere hilfsbereiteren &amp; freundliche Rezeptionisten sind telefonisch unter der Nummer +34 693 35 31 30 von 9:00 Uhr verf\u00fcgbar bis sehr sp\u00e4t, aber bitte beachten, dass nicht immer alle escorts Mallorca zur Verf\u00fcgung stehen.<\/p>\n<p>Die escorts Mallorca sind ohne Zweifel der ideale Palma exclusive escort Mallorca Begleiter f\u00fcr jeden Anlass. Aber f\u00fcr einen unschlagbaren <strong>Begleitservice Majorca<\/strong>, ist es unm\u00f6glich, nicht an jede <strong>Agentur Begleitservice Luxus Escorts Palma Mallorca<\/strong> wie Best <em><strong><a href=\"https:\/\/www.bestescortmallorca.com\/de\/\">Escort Mallorca<\/a><\/strong><\/em> DE zu gehen.<\/p>\n<p>In diesem Sinne haben wir alle Arten von Tests, in denen untersucht die Bildung, gute Manieren und, nat\u00fcrlich, die Sch\u00f6nheit von Best escorts Mallorca. Deshalb k\u00f6nnen wir garantieren, dass diese Palma escort Begleitservice Palma de Mallorca hohen Stellenwert <strong>Palma escorts Majorca<\/strong> in eine Welt der Freude eintauchen, erotischen Abenteuern zu verbrennen.<\/p>\n<p>Best <em><strong>Escort Mallorca DE<\/strong><\/em> bietet ihre Dienstleistungen in der gesamten Insel, von <strong>escort Santa Ponca<\/strong> zu Puerto Portals \u00fcber Calvia oder Palma Nova. Aus diesem Grund, und zwar unabh\u00e4ngig von ihrem Wohnort oder der Ort, wo leben, k\u00f6nnen voller Lust, Verf\u00fchrung, Leidenschaft zu genie\u00dfen, die in seinem Ged\u00e4chtnis magischen Begegnungen gebrannt werden mit escorts Mallorca. All dies Hat nat\u00fcrlich mit \u00e4u\u00dferster Diskretion &amp; Ernsthaftigkeit.<\/p>\n<p><strong><a href=\"https:\/\/www.bestescortmallorca.com\/de\/unsere-escorts\/\">Luxus escorts Mallorca<\/a><\/strong> ausgew\u00e4hlt sind aus allen Ecken der Welt. In der Tat, neben Spanisch Majorca escorts, k\u00f6nnen Ihr auch finden, <strong><a href=\"https:\/\/www.bestescortmallorca.com\/de\/escorts\/russisch\/\">Russisch escort Service Agentur ladies im Palma<\/a><\/strong> , Latein Amerika <strong>escorts VIP Palma<\/strong> mit Fantasien zu erf\u00fcllen, die seinen Geist heimsuchen.<\/p>\n<p>Auf jeden Fall, was auch immer Ihre Vorlieben, k\u00f6nnen immer eine stilvoll, sch\u00f6n, reizende Dame Best escorts Mallorca finden, deren einziger Zweck es ist, ihre W\u00fcnsche zu erf\u00fcllen. die meisten von Majorca escorts Au\u00dferdem sprechen flie\u00dfend Sprachen wie Kastilisch, Russisch, Englisch &amp; Deutsch. Kurz gesagt, m\u00fcssen alles, was man einen magischen Abend zu genie\u00dfen.<\/p>\n<p>Unsere exklusiven Escort Palma Mallorca haben umfassende Sch\u00f6nheit und Ausbildung, wir garantieren Ihnen dies. Zus\u00e4tzlich Fotografien des Profils eines jeden von escorts Mallorca vollst\u00e4ndig real. Deshalb, wenn gew\u00fcnscht, kann jede Partei als seine Freundin Pose in einem gesellschaftlichen Ereignis auch nicht aus in k\u00fcrzester Zeit zu sein.<\/p>\n<p>Als ob dies vielleicht klein erscheinen, in unserer Website Best Escorts Mallorca finden eine Menge Kommentare von Kunden, die mit den Leistungen der einzelnen Escort Mallorca Begleitservice Palma vollst\u00e4ndig erf\u00fcllt sind. Da weiterhin Ermessen eines unserer wichtigsten Identit\u00e4t ist, bieten wir private <a href=\"https:\/\/www.bestescortmallorca.com\/de\/models-tag\/arenal\/\"><strong>Majorca escorts Wohnungen in Arenal escort Playa de Palma Mallorca<\/strong><\/a> \/ <strong>escorts Playa de Palma<\/strong>, die auch alle Arten von Luxus &amp; Komfort haben. Oder, wenn Ihr m\u00f6chten, k\u00f6nnen jederzeit zu ihr nach Hause, im Hotel oder Yacht nehmen.<\/p>\n<p>Best <em>Escorts Mallorca<\/em>, kurz gesagt, bietet die M\u00f6glichkeit, mit einem attraktiven, gut ausgebildete junge Frau escort Service Agentur zu entscheiden, wem verbringen einen Tag oder einen Abend unvergesslich. Selbst wenn es m\u00f6chten, k\u00f6nnen Ihr als Unternehmen in einem Gesch\u00e4ftsessen dienen oder eine Partei, die Code mit der Elite der Insel ist. Hat ein wahrhaft luxuri\u00f6ses Erlebnis mit Mallorca escort Palma Service Agentur Frauen bereit f\u00fcr neue Abenteuer mit Ihnen.<br \/>\nWenn nicht den Charme, die Leidenschaft unserer Begleitpersonen Palma Escorts Mallorca zu erleben warten k\u00f6nnen, kontaktieren Ihr uns bitte per E-Mail, SMS oder WhatsApp. Unser gro\u00dfes Team von Fachleuten wird sich freuen, zu unterst\u00fctzen auch Ihnen helfen,<\/p>\n<p>Ihre <strong><a href=\"https:\/\/www.bestescortmallorca.com\/de\/unsere-escorts\/\">perfekte Luxus-Begleiter<\/a><\/strong> escorts Agentur Service Mallorca, ob f\u00fcr eine private <a href=\"https:\/\/www.bestescortmallorca.com\/de\/models-tag\/weise-party\/\"><strong><span class=\"navGoBackTitle\"><span title=\"best escort mallorca weisse party\">best escort mallorca weisse party<\/span><\/span><\/strong><\/a>, ein Abendessen, einen Junggesellenabschied oder einfach ein Treffen voller Leidenschaft, Sex &amp; Spa\u00df.<\/p>\n<p>Z\u00f6gern Sie nicht l\u00e4nger, unsere exklusiven Escort-Damen auf Mallorca warten nur darauf, Ihnen unvergessliche Momente zu bescheren.<\/p>\n<p>Mit ihrer Sch\u00f6nheit, ihrem Charme und ihrer Intelligenz sind sie die perfekte Begleitung f\u00fcr jeden Anlass.<\/p>\n<p>Ob Sie einen romantischen Abend zu zweit, eine aufregende Nacht in der Stadt oder eine entspannte Zeit am Strand verbringen m\u00f6chten, unsere Escort-Beilegungen stehen Ihnen jederzeit zur Verf\u00fcgung. Genie\u00dfen Sie die Gesellschaft dieser faszinierenden Frauen und lassen Sie sich von ihrer Leidenschaft und Hingabe verzaubern. Entdecken Sie die exklusive Seite von Mallorca und erleben Sie unvergessliche Momente an der Seite einer unserer erstklassigen <strong>Escorts VIP escort Palma<\/strong> -Damen.<br \/>\n<div class=\"su-custom-gallery su-custom-gallery-title-hover\"><div class=\"su-custom-gallery-slide\"><a href=\"https:\/\/www.bestescortmallorca.com\/de\/escort\/katerina-de\/katerina-russian-escorts-2\/\" title=\"Katerina\"><img decoding=\"async\" src=\"https:\/\/www.bestescortmallorca.com\/wp-content\/uploads\/2024\/08\/katerina-russian-escorts-180x220.jpg\" alt=\"escort Katerina\" width=\"180\" height=\"220\" \/><span class=\"su-custom-gallery-title\">Katerina<\/span><\/a><\/div><div class=\"su-custom-gallery-slide\"><a href=\"https:\/\/www.bestescortmallorca.com\/de\/escort\/leticia\/leticia-1-2\/\" title=\"Leticia\"><img decoding=\"async\" src=\"https:\/\/www.bestescortmallorca.com\/wp-content\/uploads\/2021\/08\/leticia-1-180x220.jpg\" alt=\"escort Leticia\" width=\"180\" height=\"220\" \/><span class=\"su-custom-gallery-title\">Leticia<\/span><\/a><\/div><div class=\"su-custom-gallery-slide\"><a href=\"https:\/\/www.bestescortmallorca.com\/de\/escort\/angela-de\/angela-1-2\/\" title=\"Angela\"><img decoding=\"async\" src=\"https:\/\/www.bestescortmallorca.com\/wp-content\/uploads\/2018\/04\/Angela-1-180x220.jpg\" alt=\"escort Angela\" width=\"180\" height=\"220\" \/><span class=\"su-custom-gallery-title\">Angela<\/span><\/a><\/div><div class=\"su-custom-gallery-slide\"><a href=\"https:\/\/www.bestescortmallorca.com\/de\/escort\/gloria\/gloria-3-2\/\" title=\"Gloria\"><img decoding=\"async\" src=\"https:\/\/www.bestescortmallorca.com\/wp-content\/uploads\/2009\/08\/gloria-3-180x220.jpg\" alt=\"escort Gloria\" width=\"180\" height=\"220\" \/><span class=\"su-custom-gallery-title\">Gloria<\/span><\/a><\/div><div class=\"su-custom-gallery-slide\"><a href=\"https:\/\/www.bestescortmallorca.com\/de\/escort\/natalia\/natalia-escorts-mallorca-2\/\" title=\"Natalia\"><img decoding=\"async\" src=\"https:\/\/www.bestescortmallorca.com\/wp-content\/uploads\/2021\/08\/natalia-escorts-mallorca-180x220.jpeg\" alt=\"escort Natalia\" width=\"180\" height=\"220\" \/><span class=\"su-custom-gallery-title\">Natalia<\/span><\/a><\/div><div class=\"su-custom-gallery-slide\"><a href=\"https:\/\/www.bestescortmallorca.com\/de\/escort\/cristina-de\/cristina-polish-escort-palma-2\/\" title=\"Cristina\"><img decoding=\"async\" src=\"https:\/\/www.bestescortmallorca.com\/wp-content\/uploads\/2016\/12\/cristina-polish-escort-palma-180x220.jpg\" alt=\"escort Cristina\" width=\"180\" height=\"220\" \/><span class=\"su-custom-gallery-title\">Cristina<\/span><\/a><\/div><div class=\"su-custom-gallery-slide\"><a href=\"https:\/\/www.bestescortmallorca.com\/de\/escort\/rita-de\/rita-big-breast-escorts-2\/\" title=\"Rita\"><img decoding=\"async\" src=\"https:\/\/www.bestescortmallorca.com\/wp-content\/uploads\/2016\/05\/rita-big-breast-escorts-180x220.jpg\" alt=\"escort Rita\" width=\"180\" height=\"220\" \/><span class=\"su-custom-gallery-title\">Rita<\/span><\/a><\/div><div class=\"su-custom-gallery-slide\"><a href=\"https:\/\/www.bestescortmallorca.com\/de\/escort\/anabell-2\/anabell-hot-latin\/\" title=\"Anabell\"><img decoding=\"async\" src=\"https:\/\/www.bestescortmallorca.com\/wp-content\/uploads\/2015\/01\/anabell-hot-latin-180x220.jpg\" alt=\"escort Anabell\" width=\"180\" height=\"220\" \/><span class=\"su-custom-gallery-title\">Anabell<\/span><\/a><\/div><div class=\"su-custom-gallery-slide\"><a href=\"https:\/\/www.bestescortmallorca.com\/de\/escort\/emily\/emily-1-2\/\" title=\"Emily\"><img decoding=\"async\" src=\"https:\/\/www.bestescortmallorca.com\/wp-content\/uploads\/2025\/08\/emily-1-180x220.jpg\" alt=\"escort Emily\" width=\"180\" height=\"220\" \/><span class=\"su-custom-gallery-title\">Emily<\/span><\/a><\/div><div class=\"su-clear\"><\/div><\/div>\n<p>Zeitplan: Unsere hilfsbereiteren &amp; freundliche Rezeptionisten sind telefonisch unter der Nummer +34 693 35 31 30 von 9:00 Uhr verf\u00fcgbar bis sehr sp\u00e4t, aber bitte beachten +, dass nicht immer alle Escorts Mallorca Begleitpersonen zur Verf\u00fcgung stehen.<\/p>\n<div><a href=\"https:\/\/escort-ladies-directory.com\/\" target=\"_blank\" rel=\"nofollow noopener noreferrer\"><img decoding=\"async\" src=\"https:\/\/media-b440.kxcdn.com\/wp-content\/uploads\/205x100.jpg\" alt=\"escort-ladies-directory\" width=\"205\" height=\"100\" \/><\/a><\/div>\n<p><a title=\"Kostenlose Suchmaschine\" href=\"https:\/\/fairsuchen.com\/\" target=\"_blank\" rel=\"nofollow noopener noreferrer\">Kostenlose Suchmaschine<\/a><br \/>\n<a title=\"search4sex die Sexsuchmaschine\" href=\"https:\/\/search4sex.biz\" target=\"_blank\" rel=\"nofollow noopener noreferrer\"><img decoding=\"async\" src=\"https:\/\/media-b440.kxcdn.com\/wp-content\/uploads\/bannerb250x50.png\" alt=\"search4sex die Sexsuchmaschine\" width=\"200\" height=\"50\" \/><\/a><br \/>\n<a href=\"http:\/\/www.wlddirectory.com\/\" target=\"_blank\" rel=\"nofollow noopener noreferrer\">WLD Directory-Free web directory<\/a><\/p>\n<h2>Best Escort Mallorca<\/h2>\n\n\n","protected":false},"excerpt":{"rendered":"","protected":false},"author":1,"featured_media":17584,"parent":0,"menu_order":0,"comment_status":"closed","ping_status":"closed","template":"page-blank-fullwidth.php","meta":{"footnotes":""},"page_tag":[],"class_list":["post-259","page","type-page","status-publish","has-post-thumbnail","hentry"],"aioseo_notices":[],"_links":{"self":[{"href":"https:\/\/www.bestescortmallorca.com\/de\/wp-json\/wp\/v2\/pages\/259","targetHints":{"allow":["GET"]}}],"collection":[{"href":"https:\/\/www.bestescortmallorca.com\/de\/wp-json\/wp\/v2\/pages"}],"about":[{"href":"https:\/\/www.bestescortmallorca.com\/de\/wp-json\/wp\/v2\/types\/page"}],"author":[{"embeddable":true,"href":"https:\/\/www.bestescortmallorca.com\/de\/wp-json\/wp\/v2\/users\/1"}],"replies":[{"embeddable":true,"href":"https:\/\/www.bestescortmallorca.com\/de\/wp-json\/wp\/v2\/comments?post=259"}],"version-history":[{"count":12,"href":"https:\/\/www.bestescortmallorca.com\/de\/wp-json\/wp\/v2\/pages\/259\/revisions"}],"predecessor-version":[{"id":36073,"href":"https:\/\/www.bestescortmallorca.com\/de\/wp-json\/wp\/v2\/pages\/259\/revisions\/36073"}],"wp:featuredmedia":[{"embeddable":true,"href":"https:\/\/www.bestescortmallorca.com\/de\/wp-json\/wp\/v2\/media\/17584"}],"wp:attachment":[{"href":"https:\/\/www.bestescortmallorca.com\/de\/wp-json\/wp\/v2\/media?parent=259"}],"wp:term":[{"taxonomy":"page_tag","embeddable":true,"href":"https:\/\/www.bestescortmallorca.com\/de\/wp-json\/wp\/v2\/page_tag?post=259"}],"curies":[{"name":"wp","href":"https:\/\/api.w.org\/{rel}","templated":true}]}}