
{"id":270,"date":"2025-02-25T17:13:21","date_gmt":"2025-02-25T16:13:21","guid":{"rendered":"https:\/\/www.bestescortmallorca.com\/de\/?page_id=270"},"modified":"2026-03-05T03:41:26","modified_gmt":"2026-03-05T02:41:26","slug":"high-class-escort-tarife","status":"publish","type":"page","link":"https:\/\/www.bestescortmallorca.com\/de\/high-class-escort-tarife\/","title":{"rendered":"High Class Escort Tarife"},"content":{"rendered":"<p>Taxipreise sind nicht in der Tarif enthalten, falls die Escort zum Kunden nach Hause oder in ein Hotel transportieren muss. Dieser Service wird zus\u00e4tzlich berechnet und kann je nach Adresse variieren.Die meisten <strong>unserer Escort-Girls leben in Palma de Mallorca, und k\u00f6nnen sich rund um die Insel bewegen.<\/strong><\/p>\n<div class=\"models-profile\">\n\t<div class=\"models-profile2\"><div><h4 class=\"entry-title\">Tarife f\u00fcr Escort-Services<br \/>\n<\/h4><\/div><\/div>\t\n\t<ul class=\"leaders rates\">\t<li><span class=\"short-text\">30 minuten(besucht M\u00e4dchen)<\/span>\n <span class=\"short-text\">150\u20ac<\/span>\n\t<\/li>\t<li><span class=\"short-text\">1 Stunde<\/span>\n <span class=\"short-text\">200\u20ac<\/span>\n\t<\/li>\t<li><span class=\"short-text\">2 Stunden<\/span>\n <span class=\"short-text\">350\u20ac<\/span>\n\t<\/li>\t<li><span class=\"short-text\">3 Stunden<\/span>\n <span class=\"short-text\">500\u20ac<\/span>\n\t<\/li>\t<li><span class=\"short-text\">6 Stunden<\/span>\n <span class=\"short-text\">800\u20ac<\/span>\n\t<\/li>\t<li><span class=\"short-text\">12 Stunden<\/span>\n <span class=\"short-text\">1200\u20ac<\/span>\n\t<\/li>\t<li><span class=\"short-text\">24 Stunden<\/span>\n <span class=\"short-text\">2000\u20ac<\/span>\n\t<\/li>\t<li><span class=\"short-text\">Wochenende<\/span>\n <span class=\"short-text\">2500\u20ac<\/span>\n\t<\/li>\t<li><span class=\"short-text\">Eine Woche<\/span>\n <span class=\"short-text\">5000\u20ac<\/span>\n\t<\/li>\t<li><span class=\"short-text\">Abendessen + Begleitung (3 Stunden)<\/span>\n <span class=\"short-text\">400\u20ac<\/span>\n\t<\/li>\t<li><span class=\"short-text\">Abschiedsfeier (1 Stunde)<\/span>\n <span class=\"short-text\">300\u20ac<\/span>\n\t<\/li>\t<li><span class=\"short-text\">Paare oder 2 M\u00e4nner (1 Stunde)<\/span>\n <span class=\"short-text\">350\u20ac<\/span>\n\t<\/li>\t<li><span class=\"short-text\">Reise<\/span>\n <span class=\"short-text\">Nachfragen<\/span>\n\t<\/li>\t<li><span class=\"short-text\">Sonderleistungen<\/span>\n <span class=\"short-text\">Nachfragen<\/span>\n\t<\/li>\t<\/ul><\/div>\n\n<p>&nbsp;<\/p>\n<p>Wir bieten auch viele verschiedene <strong><a href=\"https:\/\/www.bestescortmallorca.com\/de\/unser-escortservice-in-mallorca\/\">Dienste<\/a><\/strong> und <strong><a href=\"https:\/\/www.bestescortmallorca.com\/de\/erfullen-sie-sich-ihren-fantasien-mit-escorts-in-mallorca\/\">Fantasien<\/a><\/strong>.<\/p>\n<p>Im Begleitservice erfolgt die Zahlung direkt an die Escort in bar und muss zu Beginn der Sitzung bezahlt werden. Wenn Sie eine unserer Luxus Damen f\u00fcr eine Ihrer Reisen buchen m\u00f6chten, m\u00fcssen Sie eine Anzahlung von 30% des vereinbarten Honorars zuz\u00fcglich der Kosten f\u00fcr Hin- und R\u00fcckfahrt leisten. Diese Anzahlung ist unbedingt erforderlich, um die Reservierung abzuschlie\u00dfen und die Damen zu Ihnen zu bringen. Die Anzahlung ist bei der Buchung in bar zu leisten und die restlichen Kosten sind vor der Abreise zu begleichen. Bei der Anzahlung wird eine Quittung ausgestellt, die als Nachweis f\u00fcr die Transaktion gilt.<\/p>\n<p>Es ist uns eine Freude, unsere M\u00e4dchen in Ihrer Gesellschaft willkommen zu hei\u00dfen und wir hoffen, dass Sie sich in ihrer Gegenwart wohl f\u00fchlen. Unsere M\u00e4dchen sind nett und freundlich und werden sicherlich zur Bereicherung Ihres Treffens beitragen. Wir glauben, dass Sie die Gesellschaft unserer M\u00e4dchen genie\u00dfen werden, und wir freuen uns, Ihnen behilflich zu sein, damit Ihre Veranstaltung ein voller Erfolg wird.<\/p>\n","protected":false},"excerpt":{"rendered":"<p>Taxipreise sind nicht in der Tarif enthalten, falls<\/p>\n","protected":false},"author":1,"featured_media":0,"parent":0,"menu_order":0,"comment_status":"open","ping_status":"closed","template":"page-full-width.php","meta":{"footnotes":""},"page_tag":[],"class_list":["post-270","page","type-page","status-publish","hentry"],"aioseo_notices":[],"_links":{"self":[{"href":"https:\/\/www.bestescortmallorca.com\/de\/wp-json\/wp\/v2\/pages\/270","targetHints":{"allow":["GET"]}}],"collection":[{"href":"https:\/\/www.bestescortmallorca.com\/de\/wp-json\/wp\/v2\/pages"}],"about":[{"href":"https:\/\/www.bestescortmallorca.com\/de\/wp-json\/wp\/v2\/types\/page"}],"author":[{"embeddable":true,"href":"https:\/\/www.bestescortmallorca.com\/de\/wp-json\/wp\/v2\/users\/1"}],"replies":[{"embeddable":true,"href":"https:\/\/www.bestescortmallorca.com\/de\/wp-json\/wp\/v2\/comments?post=270"}],"version-history":[{"count":3,"href":"https:\/\/www.bestescortmallorca.com\/de\/wp-json\/wp\/v2\/pages\/270\/revisions"}],"predecessor-version":[{"id":36049,"href":"https:\/\/www.bestescortmallorca.com\/de\/wp-json\/wp\/v2\/pages\/270\/revisions\/36049"}],"wp:attachment":[{"href":"https:\/\/www.bestescortmallorca.com\/de\/wp-json\/wp\/v2\/media?parent=270"}],"wp:term":[{"taxonomy":"page_tag","embeddable":true,"href":"https:\/\/www.bestescortmallorca.com\/de\/wp-json\/wp\/v2\/page_tag?post=270"}],"curies":[{"name":"wp","href":"https:\/\/api.w.org\/{rel}","templated":true}]}}