
{"id":753,"date":"2025-01-29T08:05:45","date_gmt":"2025-01-29T07:05:45","guid":{"rendered":"https:\/\/www.bestescortmallorca.com\/?page_id=753"},"modified":"2025-06-30T03:50:06","modified_gmt":"2025-06-30T01:50:06","slug":"kontaktieren-sie-uns","status":"publish","type":"page","link":"https:\/\/www.bestescortmallorca.com\/de\/kontaktieren-sie-uns\/","title":{"rendered":"Kontaktieren Sie Uns"},"content":{"rendered":"\n<div class=\"symple-box black left\" style=\"text-align:left;width: 47%;\">\n<p class=\"text-justify langs\">Wir sorgen f\u00fcr eine pers\u00f6nliche Betreuung, damit Ihr Meeting perfekt verl\u00e4uft und Sie einen unvergesslichen Abend genie\u00dfen k\u00f6nnen<br \/>\nDer Zeitplan jeder Begleitperson h\u00e4ngt von der t\u00e4glichen Verf\u00fcgbarkeit des M\u00e4dchens ab. Sie k\u00f6nnen uns auf folgende Weise kontaktieren:<\/p>\n<h2>Telefonnummer<\/h2>\n<div class=\"for_phone\"><i class=\"fa fa-phone\"> (+34) 693 35 31 30 Anrufen, SMS, WhatsApp<\/i><\/div>\n<h2>E-Mail<\/h2>\n<div class=\"for_phone\"><i class=\"fa fa-envelope\"> info@bestescortmallorca.com<\/i><\/div>\n<\/div><div class=\"symple-box black right\" style=\"text-align:left;width: 47%;\">\n<p class=\"text-justify langs\">Sie k\u00f6nnen uns auch kontaktieren, indem Sie das Formular ausf\u00fcllen. Wir werden uns in K\u00fcrze bei Ihnen melden.<\/p>\n<h2>Kontaktformular<\/h2>\n<form method=\"post\" enctype=\"multipart\/form-data\" id=\"vfbp-form-16\" class=\"vfbp-form\"><div style=\"display:none;\"><label for=\"vfbp-EMAIL-AN8fuQyoDLXem\">If you are human, leave this field blank.<\/label><input size=\"25\" autocomplete=\"off\" type=\"text\" name=\"vfbp-EMAIL-AN8fuQyoDLXem\" value=\"\" id=\"\"><\/div><input type=\"hidden\" name=\"_vfb-timestamp-16\" value=\"1776768593\" id=\"\"><input type=\"hidden\" name=\"_vfb-form-id\" value=\"16\" id=\"\"><div class=\"vfb-col-12 vfb-fieldType-text\" id=\"vfbField176\"><div class=\"vfb-form-group\"><label for=\"vfb-field-176\" class=\"vfb-control-label\">Vorname <span class=\"vfb-required-asterisk\">*<\/span><\/label><div><input id=\"vfb-field-176\" class=\"vfb-form-control\" placeholder=\"\" required=\"required\" type=\"text\" name=\"vfb-field-176\" value=\"\"><\/div><\/div><\/div><div class=\"vfb-clearfix\"><\/div><div class=\"vfb-col-12 vfb-fieldType-phone\" id=\"vfbField177\"><div class=\"vfb-form-group\"><label for=\"vfb-field-177\" class=\"vfb-control-label\">Handynummer<\/label><div><input id=\"vfb-field-177\" class=\"vfb-form-control vfb-intl-phone\" placeholder=\"\" data-hide-flags=\"1\" data-national-mode=\"1\" type=\"tel\" name=\"vfb-field-177\" value=\"\"><\/div><\/div><\/div><div class=\"vfb-clearfix\"><\/div><div class=\"vfb-col-12 vfb-fieldType-email\" id=\"vfbField178\"><div class=\"vfb-form-group\"><label for=\"vfb-field-178\" class=\"vfb-control-label\">E-mail <span class=\"vfb-required-asterisk\">*<\/span><\/label><div><input id=\"vfb-field-178\" class=\"vfb-form-control\" placeholder=\"\" required=\"required\" type=\"email\" name=\"vfb-field-178\" value=\"\"><\/div><\/div><\/div><div class=\"vfb-clearfix\"><\/div><div class=\"vfb-col-12 vfb-fieldType-textarea\" id=\"vfbField179\"><div class=\"vfb-form-group\"><label for=\"vfb-field-179\" class=\"vfb-control-label\">W\u00fcnsche \/ Fragen <span class=\"vfb-required-asterisk\">*<\/span><\/label><div><textarea id=\"vfb-field-179\" class=\"vfb-form-control\" placeholder=\"\" required=\"required\" rows=\"3\" name=\"vfb-field-179\" cols=\"50\"><\/textarea><\/div><\/div><\/div><div class=\"vfb-clearfix\"><\/div><div class=\"vfb-col-12 vfb-fieldType-submit\" id=\"vfbField180\"><button id=\"vfb-field-180\" class=\" btn btn-primary\" placeholder=\"\" type=\"submit\" name=\"_vfb-submit\">Absenden<\/button><\/div><div class=\"vfb-clearfix\"><\/div><\/form><\/div>\n\n\n","protected":false},"excerpt":{"rendered":"","protected":false},"author":1,"featured_media":0,"parent":0,"menu_order":0,"comment_status":"open","ping_status":"closed","template":"page-full-width.php","meta":{"footnotes":""},"page_tag":[],"class_list":["post-753","page","type-page","status-publish","hentry"],"aioseo_notices":[],"_links":{"self":[{"href":"https:\/\/www.bestescortmallorca.com\/de\/wp-json\/wp\/v2\/pages\/753","targetHints":{"allow":["GET"]}}],"collection":[{"href":"https:\/\/www.bestescortmallorca.com\/de\/wp-json\/wp\/v2\/pages"}],"about":[{"href":"https:\/\/www.bestescortmallorca.com\/de\/wp-json\/wp\/v2\/types\/page"}],"author":[{"embeddable":true,"href":"https:\/\/www.bestescortmallorca.com\/de\/wp-json\/wp\/v2\/users\/1"}],"replies":[{"embeddable":true,"href":"https:\/\/www.bestescortmallorca.com\/de\/wp-json\/wp\/v2\/comments?post=753"}],"version-history":[{"count":1,"href":"https:\/\/www.bestescortmallorca.com\/de\/wp-json\/wp\/v2\/pages\/753\/revisions"}],"predecessor-version":[{"id":35729,"href":"https:\/\/www.bestescortmallorca.com\/de\/wp-json\/wp\/v2\/pages\/753\/revisions\/35729"}],"wp:attachment":[{"href":"https:\/\/www.bestescortmallorca.com\/de\/wp-json\/wp\/v2\/media?parent=753"}],"wp:term":[{"taxonomy":"page_tag","embeddable":true,"href":"https:\/\/www.bestescortmallorca.com\/de\/wp-json\/wp\/v2\/page_tag?post=753"}],"curies":[{"name":"wp","href":"https:\/\/api.w.org\/{rel}","templated":true}]}}